{"id":2347,"date":"2020-11-25T09:51:03","date_gmt":"2020-11-25T08:51:03","guid":{"rendered":"https:\/\/www.susannacham.com\/impressum\/"},"modified":"2021-12-07T18:51:10","modified_gmt":"2021-12-07T17:51:10","slug":"impressum","status":"publish","type":"page","link":"https:\/\/www.susannacham.com\/en\/impressum","title":{"rendered":"Legal Notice"},"content":{"rendered":"<p><\/p>\r\n<p><strong>Information in accordance with \u00a75 of the E-Commerce Act, \u00a714 of the Unternehmensgesetzbuch, \u00a763 of the Commercial Code and disclosure requirements under \u00a725 of the Media Act.<\/strong><\/p>\r\n<p>&nbsp;<\/p>\r\n<p><b>Susanna Cham\u00a0<\/b><b>EPU<\/b><\/p>\r\n<p>Susanna Cham<\/p>\r\n<p>Kastanienweg 4<\/p>\r\n<p>2542 Kottingbrunn,<span class=\"Apple-converted-space\">\u00a0<\/span><\/p>\r\n<p>\u00d6sterreich<\/p>\r\n<p><b>Object of the company: <\/b>Energetic Therapy, Psychosocial Counselling<\/p>\r\n<p><b>VAT-Number: <\/b>ATU70121405<\/p>\r\n<p><b>GISA:<\/b> 28873112, 30096691<\/p>\r\n<p><b>Phone: <\/b>+43(0)664 5281188<\/p>\r\n<p>Email: <a href=\"mailto:welcome@consciousnessmentoring.com\">welcome@consciousnessmentoring.com<\/a><\/p>\r\n<p><b>Member of: <\/b>WKO Nieder\u00f6sterreich<\/p>\r\n<p>Laws re. professions: <a href=\"http:\/\/ww.ris.bka.gv.at\">www.ris.bka.gv.at<\/a><\/p>\r\n<p><b>Supervisory\/Trade authority:<\/b> Bezirkshauptmannschaft Baden<\/p>\r\n<p><b>Job title:<\/b>\u00a0Energetic Therapist, Social Counseller,\u00a0<\/p>\r\n<p><b>Awarding country:<\/b> \u00d6sterreich<\/p>\r\n<p>2021, Created with the Generator by AdSimple<\/p>\r\n<p>&nbsp;<\/p>\r\n<p><b>Website text:<\/b>\u00a0Susanna Cham<\/p>\r\n<p><b>Web-Design:<\/b>\u00a0Lisa Westreicher, <a href=\"http:\/\/www.westreicher-design.com\/\">www.westreicher-design.com<\/a><\/p>\r\n<p><b>Web-Service:<\/b> Christian Kaiser KONTEXT, <a href=\"https:\/\/kontext.at\/\">www.kontext.at<\/a><\/p>\r\n<p>&nbsp;<\/p>\r\n<p><b>EU-Streitschlichtung<\/b><\/p>\r\n<p>Gem\u00e4\u00df Verordnung \u00fcber Online-Streitbeilegung in Verbraucherangelegenheiten (ODR-Verordnung) m\u00f6chten wir Sie \u00fcber die Online-Streitbeilegungsplattform (OS-Plattform) informieren.<\/p>\r\n<p>Verbraucher haben die M\u00f6glichkeit, Beschwerden an die Online Streitbeilegungsplattform der Europ\u00e4ischen Kommission unter <a href=\"http:\/\/ec.europa.eu\/odr?tid=121678778\">http:\/\/ec.europa.eu\/odr?tid=121678778<\/a> zu richten. Die daf\u00fcr notwendigen Kontaktdaten finden Sie oberhalb in unserem Impressum.<\/p>\r\n<p>Wir m\u00f6chten Sie jedoch darauf hinweisen, dass wir nicht bereit oder verpflichtet sind, an Streitbeilegungsverfahren vor einer Verbraucherschlichtungsstelle teilzunehmen.<\/p>\r\n<p>&nbsp;<\/p>\r\n<p><b>Haftung f\u00fcr Inhalte dieser Webseite<\/b><\/p>\r\n<p>Wir entwickeln die Inhalte dieser Webseite st\u00e4ndig weiter und bem\u00fchen uns korrekte und aktuelle Informationen bereitzustellen. Leider k\u00f6nnen wir keine Haftung f\u00fcr die Korrektheit aller Inhalte auf dieser Webseite \u00fcbernehmen, speziell f\u00fcr jene die seitens Dritter bereitgestellt wurden.<\/p>\r\n<p>Sollten Ihnen problematische oder rechtswidrige Inhalte auffallen, bitten wir Sie uns umgehend zu kontaktieren, Sie finden die Kontaktdaten im Impressum.<\/p>\r\n<p>&nbsp;<\/p>\r\n<p><b>Haftung f\u00fcr Links auf dieser Webseite<\/b><\/p>\r\n<p>Unsere Webseite enth\u00e4lt Links zu anderen Webseiten f\u00fcr deren Inhalt wir nicht verantwortlich sind. Haftung f\u00fcr verlinkte Websites besteht laut \u00a7 17 ECG f\u00fcr uns nicht, da wir keine Kenntnis rechtswidriger T\u00e4tigkeiten hatten und haben, uns solche Rechtswidrigkeiten auch bisher nicht aufgefallen sind und wir Links sofort entfernen w\u00fcrden, wenn uns Rechtswidrigkeiten bekannt werden.<\/p>\r\n<p>Wenn Ihnen rechtswidrige Links auf unserer Website auffallen, bitten wir Sie uns zu kontaktieren, Sie finden die Kontaktdaten im Impressum.<\/p>\r\n<p>&nbsp;<\/p>\r\n<p><b>Urheberrechtshinweis<\/b><\/p>\r\n<p>Alle Inhalte dieser Webseite (Bilder, Fotos, Texte, Videos) unterliegen dem Urheberrecht. Falls notwendig, werden wir die unerlaubte Nutzung von Teilen der Inhalte unserer Seite rechtlich verfolgen.<\/p>\r\n<p>Sollten Sie auf dieser Webseite Inhalte finden, die das Urheberrecht verletzen, bitten wir Sie uns zu kontaktieren.<\/p>\r\n<p>&nbsp;<\/p>\r\n<p><b>Bildernachweis<\/b><\/p>\r\n<p>Die Bilder, Fotos und Grafiken auf dieser Webseite sind urheberrechtlich gesch\u00fctzt.<\/p>\r\n<p>Die Bilderrechte liegen bei den folgenden Fotografen und Unternehmen:<\/p>\r\n<p>iStock, Pexels, Susanna Cham<\/p>\r\n<p>Die Inhalte unterliegen ausschlie\u00dflich \u00f6sterreichischem Recht.<\/p>\r\n<p>&nbsp;<\/p>\r\n<p>Stand: \u00a04\/2021, erstellt mit dem Generator von AdSimp<\/p>\r\n","protected":false},"excerpt":{"rendered":"<p>Information in accordance with \u00a75 of the E-Commerce Act, \u00a714 of the Unternehmensgesetzbuch, \u00a763 of the Commercial Code and disclosure requirements under \u00a725 of the Media Act. &nbsp; Susanna Cham\u00a0EPU Susanna Cham Kastanienweg 4 2542 Kottingbrunn,\u00a0 \u00d6sterreich Object of the company: Energetic Therapy, Psychosocial Counselling VAT-Number: ATU70121405 GISA: 28873112, 30096691 Phone: +43(0)664 5281188 Email: welcome@consciousnessmentoring.com [&hellip;]<\/p>\n","protected":false},"author":1,"featured_media":0,"parent":0,"menu_order":0,"comment_status":"closed","ping_status":"closed","template":"","meta":{"footnotes":""},"yoast_head":"<!-- This site is optimized with the Yoast SEO plugin v22.3 - https:\/\/yoast.com\/wordpress\/plugins\/seo\/ -->\n<title>Legal Notice - Susanna Cham 2021<\/title>\n<meta name=\"robots\" content=\"index, follow, max-snippet:-1, max-image-preview:large, max-video-preview:-1\" \/>\n<link rel=\"canonical\" href=\"https:\/\/www.susannacham.com\/en\/impressum\" \/>\n<meta property=\"og:locale\" content=\"en_US\" \/>\n<meta property=\"og:type\" content=\"article\" \/>\n<meta property=\"og:title\" content=\"Legal Notice - Susanna Cham 2021\" \/>\n<meta property=\"og:description\" content=\"Information in accordance with \u00a75 of the E-Commerce Act, \u00a714 of the Unternehmensgesetzbuch, \u00a763 of the Commercial Code and disclosure requirements under \u00a725 of the Media Act. &nbsp; Susanna Cham\u00a0EPU Susanna Cham Kastanienweg 4 2542 Kottingbrunn,\u00a0 \u00d6sterreich Object of the company: Energetic Therapy, Psychosocial Counselling VAT-Number: ATU70121405 GISA: 28873112, 30096691 Phone: +43(0)664 5281188 Email: welcome@consciousnessmentoring.com [&hellip;]\" \/>\n<meta property=\"og:url\" content=\"https:\/\/www.susannacham.com\/en\/impressum\" \/>\n<meta property=\"og:site_name\" content=\"Susanna Cham 2021\" \/>\n<meta property=\"article:modified_time\" content=\"2021-12-07T17:51:10+00:00\" \/>\n<meta name=\"twitter:card\" content=\"summary_large_image\" \/>\n<meta name=\"twitter:label1\" content=\"Est. reading time\" \/>\n\t<meta name=\"twitter:data1\" content=\"2 minutes\" \/>\n<script type=\"application\/ld+json\" class=\"yoast-schema-graph\">{\"@context\":\"https:\/\/schema.org\",\"@graph\":[{\"@type\":\"WebPage\",\"@id\":\"https:\/\/www.susannacham.com\/en\/impressum\",\"url\":\"https:\/\/www.susannacham.com\/en\/impressum\",\"name\":\"Legal Notice - Susanna Cham 2021\",\"isPartOf\":{\"@id\":\"https:\/\/www.susannacham.com\/de\/#website\"},\"datePublished\":\"2020-11-25T08:51:03+00:00\",\"dateModified\":\"2021-12-07T17:51:10+00:00\",\"breadcrumb\":{\"@id\":\"https:\/\/www.susannacham.com\/en\/impressum#breadcrumb\"},\"inLanguage\":\"en-US\",\"potentialAction\":[{\"@type\":\"ReadAction\",\"target\":[\"https:\/\/www.susannacham.com\/en\/impressum\"]}]},{\"@type\":\"BreadcrumbList\",\"@id\":\"https:\/\/www.susannacham.com\/en\/impressum#breadcrumb\",\"itemListElement\":[{\"@type\":\"ListItem\",\"position\":1,\"name\":\"Startseite\",\"item\":\"https:\/\/www.susannacham.com\/en\"},{\"@type\":\"ListItem\",\"position\":2,\"name\":\"Legal Notice\"}]},{\"@type\":\"WebSite\",\"@id\":\"https:\/\/www.susannacham.com\/de\/#website\",\"url\":\"https:\/\/www.susannacham.com\/de\/\",\"name\":\"Susanna Cham 2021\",\"description\":\"Consciousness Mentoring\",\"potentialAction\":[{\"@type\":\"SearchAction\",\"target\":{\"@type\":\"EntryPoint\",\"urlTemplate\":\"https:\/\/www.susannacham.com\/de\/?s={search_term_string}\"},\"query-input\":\"required name=search_term_string\"}],\"inLanguage\":\"en-US\"}]}<\/script>\n<!-- \/ Yoast SEO plugin. -->","yoast_head_json":{"title":"Legal Notice - Susanna Cham 2021","robots":{"index":"index","follow":"follow","max-snippet":"max-snippet:-1","max-image-preview":"max-image-preview:large","max-video-preview":"max-video-preview:-1"},"canonical":"https:\/\/www.susannacham.com\/en\/impressum","og_locale":"en_US","og_type":"article","og_title":"Legal Notice - Susanna Cham 2021","og_description":"Information in accordance with \u00a75 of the E-Commerce Act, \u00a714 of the Unternehmensgesetzbuch, \u00a763 of the Commercial Code and disclosure requirements under \u00a725 of the Media Act. &nbsp; Susanna Cham\u00a0EPU Susanna Cham Kastanienweg 4 2542 Kottingbrunn,\u00a0 \u00d6sterreich Object of the company: Energetic Therapy, Psychosocial Counselling VAT-Number: ATU70121405 GISA: 28873112, 30096691 Phone: +43(0)664 5281188 Email: welcome@consciousnessmentoring.com [&hellip;]","og_url":"https:\/\/www.susannacham.com\/en\/impressum","og_site_name":"Susanna Cham 2021","article_modified_time":"2021-12-07T17:51:10+00:00","twitter_card":"summary_large_image","twitter_misc":{"Est. reading time":"2 minutes"},"schema":{"@context":"https:\/\/schema.org","@graph":[{"@type":"WebPage","@id":"https:\/\/www.susannacham.com\/en\/impressum","url":"https:\/\/www.susannacham.com\/en\/impressum","name":"Legal Notice - Susanna Cham 2021","isPartOf":{"@id":"https:\/\/www.susannacham.com\/de\/#website"},"datePublished":"2020-11-25T08:51:03+00:00","dateModified":"2021-12-07T17:51:10+00:00","breadcrumb":{"@id":"https:\/\/www.susannacham.com\/en\/impressum#breadcrumb"},"inLanguage":"en-US","potentialAction":[{"@type":"ReadAction","target":["https:\/\/www.susannacham.com\/en\/impressum"]}]},{"@type":"BreadcrumbList","@id":"https:\/\/www.susannacham.com\/en\/impressum#breadcrumb","itemListElement":[{"@type":"ListItem","position":1,"name":"Startseite","item":"https:\/\/www.susannacham.com\/en"},{"@type":"ListItem","position":2,"name":"Legal Notice"}]},{"@type":"WebSite","@id":"https:\/\/www.susannacham.com\/de\/#website","url":"https:\/\/www.susannacham.com\/de\/","name":"Susanna Cham 2021","description":"Consciousness Mentoring","potentialAction":[{"@type":"SearchAction","target":{"@type":"EntryPoint","urlTemplate":"https:\/\/www.susannacham.com\/de\/?s={search_term_string}"},"query-input":"required name=search_term_string"}],"inLanguage":"en-US"}]}},"_links":{"self":[{"href":"https:\/\/www.susannacham.com\/en\/wp-json\/wp\/v2\/pages\/2347"}],"collection":[{"href":"https:\/\/www.susannacham.com\/en\/wp-json\/wp\/v2\/pages"}],"about":[{"href":"https:\/\/www.susannacham.com\/en\/wp-json\/wp\/v2\/types\/page"}],"author":[{"embeddable":true,"href":"https:\/\/www.susannacham.com\/en\/wp-json\/wp\/v2\/users\/1"}],"replies":[{"embeddable":true,"href":"https:\/\/www.susannacham.com\/en\/wp-json\/wp\/v2\/comments?post=2347"}],"version-history":[{"count":6,"href":"https:\/\/www.susannacham.com\/en\/wp-json\/wp\/v2\/pages\/2347\/revisions"}],"predecessor-version":[{"id":3261,"href":"https:\/\/www.susannacham.com\/en\/wp-json\/wp\/v2\/pages\/2347\/revisions\/3261"}],"wp:attachment":[{"href":"https:\/\/www.susannacham.com\/en\/wp-json\/wp\/v2\/media?parent=2347"}],"curies":[{"name":"wp","href":"https:\/\/api.w.org\/{rel}","templated":true}]}}