{"id":826,"date":"2020-12-05T13:06:32","date_gmt":"2020-12-05T12:06:32","guid":{"rendered":"https:\/\/www.susannacham.com\/?page_id=826"},"modified":"2021-12-07T18:44:47","modified_gmt":"2021-12-07T17:44:47","slug":"disclaimer","status":"publish","type":"page","link":"https:\/\/www.susannacham.com\/de\/disclaimer","title":{"rendered":"Disclaimer"},"content":{"rendered":"<p><\/p>\r\n<h3 class=\"wp-block-heading\">Disclaimer<\/h3>\r\n<p>&nbsp;<\/p>\r\n<p>Die Inhalte meiner Website haben nicht den Zweck, dir medizinischen Rat zu geben, Diagnosen zu stellen oder dich davon abzuhalten, zum Arzt oder Spezialisten zu gehen. Ich gebe \u2013 wie alle anderen, die sich auf oder nahe dem Gebiet der Gesundheit bewegen \u2013 keine Heilversprechen.<span class=\"Apple-converted-space\">\u00a0<\/span><\/p>\r\n<p>In der Kinesiologie, Biosensorik und Naturmedizin geht es ausschlie\u00dflich um neue Erkenntnisse, bei denen du als KlientIn von mir begleitet wirst und nicht um Diagnose, Heilung und Behandlung von Patienten.<\/p>\r\n<p>KinesiologInnen stellen mit Hilfe spezieller Muskeltests energetische Blockaden und Stressausl\u00f6ser fest. Sie unterst\u00fctzen dich als KlientIn auf deinem Weg zur Optimierung deiner pers\u00f6nlichen St\u00e4rken und F\u00e4higkeiten.<\/p>\r\n<p>Biophysikalische Informationstherapie ist\u00a0ein Behandlungsverfahren, wo organismuseigene, elektrische Schwingungen und elektromagnetische Felder mittels Elektroden (Hand- und Fu\u00dfplatten sowie Stirnelektrode) aufgenommen und verarbeitet werden. Dabei werden harmonische (physiologische) Signale verst\u00e4rkt und disharmonische (pathologische) Signale werden modifiziert und erst anschlie\u00dfend wieder zur\u00fcck in den K\u00f6rper geschickt.<\/p>\r\n<p>Bitte verwende meine Informationen niemals als alleinige Quelle f\u00fcr gesundheitsbezogene Entscheidungen. Bei gesundheitlichen Beschwerden frage bitte stets einen anerkannten Therapeuten oder Arzt. Bei Erkrankungen von Tieren konsultiere bitte einen Tierarzt oder Tierheilpraktiker.<span class=\"Apple-converted-space\">\u00a0<\/span><\/p>\r\n<p>Meine Artikel verfasse ich ohne direkte medizinisch-redaktionelle Begleitung oder Kontrolle, sondern stelle lediglich mein gesammeltes, und f\u00fcr positiv bewertetes, Wissen dar\u00fcber zur Verf\u00fcgung. Bitte halte Abstand davon, Medikamente oder Heilkr\u00e4uter ohne Absprache mit deinem Arzt einzunehmen.<\/p>\r\n<p>Aus Liebe zu dir.<\/p>\r\n<p>Deine Susanna\ud83d\udda4<\/p>\r\n<p>&nbsp;<\/p>\r\n<p>&nbsp;<\/p>\r\n<p>Susanna Cham<\/p>\r\n<p>Kastanienweg 4, 2542 Kottingbrunn<\/p>\r\n<p>+43(0)664 5281188<\/p>\r\n<p>&nbsp;<\/p>\r\n<p>\u00a9 2021 Susanna Cham. Alle Rechte vorbehalten.<\/p>\r\n","protected":false},"excerpt":{"rendered":"<p>Disclaimer &nbsp; Die Inhalte meiner Website haben nicht den Zweck, dir medizinischen Rat zu geben, Diagnosen zu stellen oder dich davon abzuhalten, zum Arzt oder Spezialisten zu gehen. Ich gebe \u2013 wie alle anderen, die sich auf oder nahe dem Gebiet der Gesundheit bewegen \u2013 keine Heilversprechen.\u00a0 In der Kinesiologie, Biosensorik und Naturmedizin geht es [&hellip;]<\/p>\n","protected":false},"author":1,"featured_media":0,"parent":0,"menu_order":0,"comment_status":"closed","ping_status":"open","template":"","meta":{"footnotes":""},"yoast_head":"<!-- This site is optimized with the Yoast SEO plugin v22.3 - https:\/\/yoast.com\/wordpress\/plugins\/seo\/ -->\n<title>Disclaimer - Susanna Cham 2021<\/title>\n<meta name=\"robots\" content=\"index, follow, max-snippet:-1, max-image-preview:large, max-video-preview:-1\" \/>\n<link rel=\"canonical\" href=\"https:\/\/www.susannacham.com\/de\/disclaimer\" \/>\n<meta property=\"og:locale\" content=\"de_DE\" \/>\n<meta property=\"og:type\" content=\"article\" \/>\n<meta property=\"og:title\" content=\"Disclaimer - Susanna Cham 2021\" \/>\n<meta property=\"og:description\" content=\"Disclaimer &nbsp; Die Inhalte meiner Website haben nicht den Zweck, dir medizinischen Rat zu geben, Diagnosen zu stellen oder dich davon abzuhalten, zum Arzt oder Spezialisten zu gehen. Ich gebe \u2013 wie alle anderen, die sich auf oder nahe dem Gebiet der Gesundheit bewegen \u2013 keine Heilversprechen.\u00a0 In der Kinesiologie, Biosensorik und Naturmedizin geht es [&hellip;]\" \/>\n<meta property=\"og:url\" content=\"https:\/\/www.susannacham.com\/de\/disclaimer\" \/>\n<meta property=\"og:site_name\" content=\"Susanna Cham 2021\" \/>\n<meta property=\"article:modified_time\" content=\"2021-12-07T17:44:47+00:00\" \/>\n<meta name=\"twitter:card\" content=\"summary_large_image\" \/>\n<meta name=\"twitter:label1\" content=\"Gesch\u00e4tzte Lesezeit\" \/>\n\t<meta name=\"twitter:data1\" content=\"2 Minuten\" \/>\n<script type=\"application\/ld+json\" class=\"yoast-schema-graph\">{\"@context\":\"https:\/\/schema.org\",\"@graph\":[{\"@type\":\"WebPage\",\"@id\":\"https:\/\/www.susannacham.com\/de\/disclaimer\",\"url\":\"https:\/\/www.susannacham.com\/de\/disclaimer\",\"name\":\"Disclaimer - Susanna Cham 2021\",\"isPartOf\":{\"@id\":\"https:\/\/www.susannacham.com\/de\/#website\"},\"datePublished\":\"2020-12-05T12:06:32+00:00\",\"dateModified\":\"2021-12-07T17:44:47+00:00\",\"breadcrumb\":{\"@id\":\"https:\/\/www.susannacham.com\/de\/disclaimer#breadcrumb\"},\"inLanguage\":\"de-DE\",\"potentialAction\":[{\"@type\":\"ReadAction\",\"target\":[\"https:\/\/www.susannacham.com\/de\/disclaimer\"]}]},{\"@type\":\"BreadcrumbList\",\"@id\":\"https:\/\/www.susannacham.com\/de\/disclaimer#breadcrumb\",\"itemListElement\":[{\"@type\":\"ListItem\",\"position\":1,\"name\":\"Startseite\",\"item\":\"https:\/\/www.susannacham.com\/de\"},{\"@type\":\"ListItem\",\"position\":2,\"name\":\"Disclaimer\"}]},{\"@type\":\"WebSite\",\"@id\":\"https:\/\/www.susannacham.com\/de\/#website\",\"url\":\"https:\/\/www.susannacham.com\/de\/\",\"name\":\"Susanna Cham 2021\",\"description\":\"Consciousness Mentoring\",\"potentialAction\":[{\"@type\":\"SearchAction\",\"target\":{\"@type\":\"EntryPoint\",\"urlTemplate\":\"https:\/\/www.susannacham.com\/de\/?s={search_term_string}\"},\"query-input\":\"required name=search_term_string\"}],\"inLanguage\":\"de-DE\"}]}<\/script>\n<!-- \/ Yoast SEO plugin. -->","yoast_head_json":{"title":"Disclaimer - Susanna Cham 2021","robots":{"index":"index","follow":"follow","max-snippet":"max-snippet:-1","max-image-preview":"max-image-preview:large","max-video-preview":"max-video-preview:-1"},"canonical":"https:\/\/www.susannacham.com\/de\/disclaimer","og_locale":"de_DE","og_type":"article","og_title":"Disclaimer - Susanna Cham 2021","og_description":"Disclaimer &nbsp; Die Inhalte meiner Website haben nicht den Zweck, dir medizinischen Rat zu geben, Diagnosen zu stellen oder dich davon abzuhalten, zum Arzt oder Spezialisten zu gehen. Ich gebe \u2013 wie alle anderen, die sich auf oder nahe dem Gebiet der Gesundheit bewegen \u2013 keine Heilversprechen.\u00a0 In der Kinesiologie, Biosensorik und Naturmedizin geht es [&hellip;]","og_url":"https:\/\/www.susannacham.com\/de\/disclaimer","og_site_name":"Susanna Cham 2021","article_modified_time":"2021-12-07T17:44:47+00:00","twitter_card":"summary_large_image","twitter_misc":{"Gesch\u00e4tzte Lesezeit":"2 Minuten"},"schema":{"@context":"https:\/\/schema.org","@graph":[{"@type":"WebPage","@id":"https:\/\/www.susannacham.com\/de\/disclaimer","url":"https:\/\/www.susannacham.com\/de\/disclaimer","name":"Disclaimer - Susanna Cham 2021","isPartOf":{"@id":"https:\/\/www.susannacham.com\/de\/#website"},"datePublished":"2020-12-05T12:06:32+00:00","dateModified":"2021-12-07T17:44:47+00:00","breadcrumb":{"@id":"https:\/\/www.susannacham.com\/de\/disclaimer#breadcrumb"},"inLanguage":"de-DE","potentialAction":[{"@type":"ReadAction","target":["https:\/\/www.susannacham.com\/de\/disclaimer"]}]},{"@type":"BreadcrumbList","@id":"https:\/\/www.susannacham.com\/de\/disclaimer#breadcrumb","itemListElement":[{"@type":"ListItem","position":1,"name":"Startseite","item":"https:\/\/www.susannacham.com\/de"},{"@type":"ListItem","position":2,"name":"Disclaimer"}]},{"@type":"WebSite","@id":"https:\/\/www.susannacham.com\/de\/#website","url":"https:\/\/www.susannacham.com\/de\/","name":"Susanna Cham 2021","description":"Consciousness Mentoring","potentialAction":[{"@type":"SearchAction","target":{"@type":"EntryPoint","urlTemplate":"https:\/\/www.susannacham.com\/de\/?s={search_term_string}"},"query-input":"required name=search_term_string"}],"inLanguage":"de-DE"}]}},"_links":{"self":[{"href":"https:\/\/www.susannacham.com\/de\/wp-json\/wp\/v2\/pages\/826"}],"collection":[{"href":"https:\/\/www.susannacham.com\/de\/wp-json\/wp\/v2\/pages"}],"about":[{"href":"https:\/\/www.susannacham.com\/de\/wp-json\/wp\/v2\/types\/page"}],"author":[{"embeddable":true,"href":"https:\/\/www.susannacham.com\/de\/wp-json\/wp\/v2\/users\/1"}],"replies":[{"embeddable":true,"href":"https:\/\/www.susannacham.com\/de\/wp-json\/wp\/v2\/comments?post=826"}],"version-history":[{"count":8,"href":"https:\/\/www.susannacham.com\/de\/wp-json\/wp\/v2\/pages\/826\/revisions"}],"predecessor-version":[{"id":3253,"href":"https:\/\/www.susannacham.com\/de\/wp-json\/wp\/v2\/pages\/826\/revisions\/3253"}],"wp:attachment":[{"href":"https:\/\/www.susannacham.com\/de\/wp-json\/wp\/v2\/media?parent=826"}],"curies":[{"name":"wp","href":"https:\/\/api.w.org\/{rel}","templated":true}]}}