{"id":3,"date":"2020-11-23T21:18:44","date_gmt":"2020-11-23T20:18:44","guid":{"rendered":"https:\/\/www.susannacham.com\/?page_id=3"},"modified":"2021-12-07T18:43:58","modified_gmt":"2021-12-07T17:43:58","slug":"datenschutzerklaerung","status":"publish","type":"page","link":"https:\/\/www.susannacham.com\/de\/datenschutzerklaerung","title":{"rendered":"Datenschutzerkl\u00e4rung"},"content":{"rendered":"\r\n<h3 class=\"wp-block-heading\">Erkl\u00e4rung zur Informationspflicht (Datenschutzerkl\u00e4rung)<\/h3>\r\n<p>&nbsp;<\/p>\r\n<p>Der Schutz deiner pers\u00f6nlichen Daten ist mir ein besonderes Anliegen. Ich verarbeite deine Daten daher ausschlie\u00dflich auf Grundlage der gesetzlichen Bestimmungen (DSGVO, TKG 2003). Als verantwortliche Anbieterin kl\u00e4re ich dich im Folgenden \u00fcber die Art, den Umfang und den Zweck der Erhebung und Verwendung personenbezogener Daten auf.<\/p>\r\n<p>Falls du selbst einen Blick in die Datenschutzgrundverordnung (DSGVO) werfen m\u00f6chtest, findest du sie im Internet unter<\/p>\r\n<p><a href=\"https:\/\/eur-lex.europa.eu\/legal-content\/DE\/TXT\/HTML\/?uri=CELEX:32016R0679\">https:\/\/eur-lex.europa.eu\/legal-content\/DE\/TXT\/HTML\/?uri=CELEX:32016R0679<\/a><\/p>\r\n<p>&nbsp;<\/p>\r\n<p><strong>Kontakt mit mir<\/strong><\/p>\r\n<p>Wenn du per Formular auf der Website oder per E-Mail Kontakt mit mir aufnimmst, werden deine angegebenen Daten (Name, Emailadresse) zwecks Bearbeitung der Anfrage und f\u00fcr den Fall von Anschlussfragen drei Monate gespeichert. Diese Daten gebe ich nicht ohne deine Einwilligung weiter.<\/p>\r\n<p>&nbsp;<\/p>\r\n<p><strong>Cookies<\/strong><\/p>\r\n<p>Meine Website verwendet so genannte Cookies. Dabei handelt es sich um kleine Textdateien, die mit Hilfe des Browsers auf deinem Endger\u00e4t abgelegt werden. Sie richten keinen Schaden an \u2013 sie dienen mir viel mehr, mein Angebot nutzerfreundlich zu gestalten. Einige Cookies bleiben auf deinem Endger\u00e4t gespeichert, bis du diese l\u00f6scht. Sie erm\u00f6glichen es, deinen Browser beim n\u00e4chsten Besuch wieder zu erkennen.<\/p>\r\n<p>Du kannst deine gegebenenfalls erteilte Einwilligung in die Speicherung und Nutzung der Cookies f\u00fcr Google Analytics mittels Deaktivieren von \u201eCookies von Drittanbietern\u201c widerrufen. Ferner kannst du die Speicherung und Nutzung von Cookies auch technisch durch entsprechende Browser-Einstellungen bzw. Browser-Add-ons verhindern. Dar\u00fcber hinaus hast du die M\u00f6glichkeit, die Erfassung der durch das Cookie erzeugten und auf deine Nutzung der Website bezogenen Daten (inkl. deiner IP-Adresse) an Google, sowie die Weiterverarbeitung dieser Daten durch Google zu verhindern, indem du das unter dem folgenden Link verf\u00fcgbare Browser-Plugin herunterl\u00e4dst und installierst:<\/p>\r\n<p><a href=\"https:\/\/tools.google.com\/dlpage\/gaoptout?hl=de\" target=\"_blank\" rel=\"noreferrer noopener\">https:\/\/tools.google.com\/dlpage\/gaoptout?hl=de<\/a><\/p>\r\n<p>&nbsp;<\/p>\r\n<p><strong>Einbindung von Diensten und Inhalten Dritter<\/strong><\/p>\r\n<p>Beitr\u00e4ge auf meiner Website k\u00f6nnen eingebettete Inhalte beinhalten (z.B. Social Plugin f\u00fcr Facebook, Instagram, LinkedIn, Xing und Kartenmaterial von Google Maps). Eingebettete Inhalte von anderen Websites verhalten sich exakt so, als ob der Besucher die andere Website besucht h\u00e4tte.\u00a0Dies setzt immer voraus, dass die Anbieter dieser Inhalte die IP-Adresse der Nutzer wahrnehmen. Denn ohne die IP-Adresse, k\u00f6nnten sie die Inhalte nicht an den Browser der jeweiligen Nutzer senden. Die IP-Adresse ist damit f\u00fcr die Darstellung dieser Inhalte erforderlich.\u00a0Diese Websites k\u00f6nnen Daten \u00fcber dich sammeln, Cookies benutzen, zus\u00e4tzliche Tracking-Dienste von Dritten einbetten und deine Interaktion mit diesem eingebetteten Inhalt aufzeichnen, inklusive deiner Interaktion mit dem eingebetteten Inhalt, falls du ein Konto hast und auf dieser Website angemeldet bist.<\/p>\r\n<p>Ich bem\u00fche mich, nur solche Inhalte zu verwenden, deren jeweilige Anbieter die IP-Adresse lediglich zur Auslieferung der Inhalte verwenden. Jedoch habe ich keinen Einfluss darauf, falls die Dritt-Anbieter die IP-Adresse zum Beispiel f\u00fcr statistische Zwecke speichern. Soweit dies mir bekannt ist, kl\u00e4re ich dich dar\u00fcber auf.<\/p>\r\n<p>&nbsp;<\/p>\r\n<p><strong>Kommentare und Beitr\u00e4ge<\/strong><\/p>\r\n<p>Wenn du Kommentare im Blog hinterl\u00e4sst, wird deine IP-Adresse gespeichert und du wirst nach deiner E-mail-Adresse gefragt. Das erfolgt zu meiner Sicherheit, falls jemand in Kommentaren und Beitr\u00e4gen widerrechtliche Inhalte schreibt (Beleidigungen, verbotene politische Propaganda, etc.). In diesem Fall kann ich f\u00fcr den Kommentar oder Beitrag belangt werden und aus diesem Grund bin ich an der Identit\u00e4t des Verfassers interessiert.<\/p>\r\n<p>&nbsp;<\/p>\r\n<p><strong>Web-Analyse<\/strong><\/p>\r\n<p>Meine Website verwendet Funktionen zur Website-Analyse von Google Analytics, ein Webanalysedienst der Google LLC. Google ist unter dem EU-US-Privacy-Shield-Abkommen (2016) zertifiziert und bietet hierdurch eine Garantie, das europ\u00e4ische Datenschutzrecht einzuhalten. \u00a0Stimmst du der Verwendung von \u00a0Cookies zu, erm\u00f6glichen diese eine Analyse des Benutzerverhaltens der Besucher auf meiner Website. Die dadurch erzeugten Informationen werden auf den Server des Anbieters \u00fcbertragen und dort gespeichert. Du kannst dies verhindern, indem du deinen Browser so einrichtest, dass keine Cookies gespeichert werden. Ich habe mit dem Anbieter einen entsprechenden Vertrag zur Auftragsdatenverarbeitung abgeschlossen.<br \/>Die Datenverarbeitung erfolgt auf Basis der gesetzlichen Bestimmungen des TKG sowie des Art 6 Abs 1 lit a (Einwilligung) und\/oder f (berechtigtes Interesse) der DSGVO.\u00a0Mein Anliegen im Sinne der DSGVO ist die Verbesserung meines Angebotes und Webauftritts.<\/p>\r\n<p>Da mir deine Privatsph\u00e4re wichtig ist, habe ich die Einstellung so gew\u00e4hlt dass deine IP-Adresse anonymisiert wird. Die Nutzerdaten werden f\u00fcr die Dauer von 26 Monate aufbewahrt.<\/p>\r\n<p>&nbsp;<\/p>\r\n<p><strong>Deine Rechte<\/strong><\/p>\r\n<p>Dir stehen grunds\u00e4tzlich die Rechte auf Auskunft, Berichtigung, L\u00f6schung, Einschr\u00e4nkung, Daten\u00fcbertragbarkeit, Widerruf und Widerspruch zu. Wenn du glaubst, dass die Verarbeitung deiner Daten gegen das Datenschutzrecht verst\u00f6\u00dft oder deine datenschutzrechtlichen Anspr\u00fcche sonst in einer Weise verletzt worden sind, ist es dir m\u00f6glich, dich bei der Aufsichtsbeh\u00f6rde zu beschweren. In \u00d6sterreich ist dies die Datenschutzbeh\u00f6rde.<\/p>\r\n<p>Du erreichst mich unter folgenden Kontaktdaten:<\/p>\r\n<p>Susanna Cham<br \/>Kastanienweg 4, 2542 Kottingbrunn, \u00d6sterreich<br \/>E-mail:\u00a0<a href=\"mailto:welcome@susannehummer.com\">welcome@consciousnessmentoring.com<\/a><br \/>Mobil: +43(0) 664 528 11 88<\/p>\r\n<p>&nbsp;<\/p>\r\n<p><strong>Sicherheit<\/strong><\/p>\r\n<p>Ich habe technische und organisatorische Sicherheitsma\u00dfnahmen getroffen, um deine personenbezogenen Daten gegen zuf\u00e4llige oder vors\u00e4tzliche Manipulationen, Verlust, Zerst\u00f6rung oder gegen den Zugriff unberechtigter Personen zu sch\u00fctzen. Diese Sicherheitsma\u00dfnahmen werden entsprechend jeweils dem aktuellen Stand der Technik angepasst.<\/p>\r\n<p>&nbsp;<\/p>\r\n<p><strong>\u00c4nderungen<\/strong><\/p>\r\n<p>Von Zeit zu Zeit kann es erforderlich werden, den Inhalt der vorliegenden Datenschutzerkl\u00e4rung anzupassen. Deshalb behalte ich mir vor, diese jederzeit zu \u00e4ndern. Sofern f\u00fcr eine \u00c4nderung deine\u00a0Einwilligung erforderlich ist, werde ich diese von dir einholen. Eine ge\u00e4nderte Version der Datenschutzerkl\u00e4rung werde ich ebenfalls an dieser Stelle ver\u00f6ffentlichen. Wenn du meine Website wieder besuchst, empfehle ich dir daher, die Datenschutzerkl\u00e4rung erneut durchzulesen.<\/p>\r\n<p>Stand: 2021<\/p>\r\n","protected":false},"excerpt":{"rendered":"<p>Erkl\u00e4rung zur Informationspflicht (Datenschutzerkl\u00e4rung) &nbsp; Der Schutz deiner pers\u00f6nlichen Daten ist mir ein besonderes Anliegen. Ich verarbeite deine Daten daher ausschlie\u00dflich auf Grundlage der gesetzlichen Bestimmungen (DSGVO, TKG 2003). Als verantwortliche Anbieterin kl\u00e4re ich dich im Folgenden \u00fcber die Art, den Umfang und den Zweck der Erhebung und Verwendung personenbezogener Daten auf. Falls du selbst [&hellip;]<\/p>\n","protected":false},"author":1,"featured_media":0,"parent":0,"menu_order":0,"comment_status":"closed","ping_status":"open","template":"","meta":{"footnotes":""},"yoast_head":"<!-- This site is optimized with the Yoast SEO plugin v22.3 - https:\/\/yoast.com\/wordpress\/plugins\/seo\/ -->\n<title>Datenschutzerkl\u00e4rung - Susanna Cham 2021<\/title>\n<meta name=\"robots\" content=\"index, follow, max-snippet:-1, max-image-preview:large, max-video-preview:-1\" \/>\n<link rel=\"canonical\" href=\"https:\/\/www.susannacham.com\/de\/datenschutzerklaerung\" \/>\n<meta property=\"og:locale\" content=\"de_DE\" \/>\n<meta property=\"og:type\" content=\"article\" \/>\n<meta property=\"og:title\" content=\"Datenschutzerkl\u00e4rung - Susanna Cham 2021\" \/>\n<meta property=\"og:description\" content=\"Erkl\u00e4rung zur Informationspflicht (Datenschutzerkl\u00e4rung) &nbsp; Der Schutz deiner pers\u00f6nlichen Daten ist mir ein besonderes Anliegen. Ich verarbeite deine Daten daher ausschlie\u00dflich auf Grundlage der gesetzlichen Bestimmungen (DSGVO, TKG 2003). Als verantwortliche Anbieterin kl\u00e4re ich dich im Folgenden \u00fcber die Art, den Umfang und den Zweck der Erhebung und Verwendung personenbezogener Daten auf. Falls du selbst [&hellip;]\" \/>\n<meta property=\"og:url\" content=\"https:\/\/www.susannacham.com\/de\/datenschutzerklaerung\" \/>\n<meta property=\"og:site_name\" content=\"Susanna Cham 2021\" \/>\n<meta property=\"article:modified_time\" content=\"2021-12-07T17:43:58+00:00\" \/>\n<meta name=\"twitter:card\" content=\"summary_large_image\" \/>\n<meta name=\"twitter:label1\" content=\"Gesch\u00e4tzte Lesezeit\" \/>\n\t<meta name=\"twitter:data1\" content=\"4 Minuten\" \/>\n<script type=\"application\/ld+json\" class=\"yoast-schema-graph\">{\"@context\":\"https:\/\/schema.org\",\"@graph\":[{\"@type\":\"WebPage\",\"@id\":\"https:\/\/www.susannacham.com\/de\/datenschutzerklaerung\",\"url\":\"https:\/\/www.susannacham.com\/de\/datenschutzerklaerung\",\"name\":\"Datenschutzerkl\u00e4rung - Susanna Cham 2021\",\"isPartOf\":{\"@id\":\"https:\/\/www.susannacham.com\/de\/#website\"},\"datePublished\":\"2020-11-23T20:18:44+00:00\",\"dateModified\":\"2021-12-07T17:43:58+00:00\",\"breadcrumb\":{\"@id\":\"https:\/\/www.susannacham.com\/de\/datenschutzerklaerung#breadcrumb\"},\"inLanguage\":\"de-DE\",\"potentialAction\":[{\"@type\":\"ReadAction\",\"target\":[\"https:\/\/www.susannacham.com\/de\/datenschutzerklaerung\"]}]},{\"@type\":\"BreadcrumbList\",\"@id\":\"https:\/\/www.susannacham.com\/de\/datenschutzerklaerung#breadcrumb\",\"itemListElement\":[{\"@type\":\"ListItem\",\"position\":1,\"name\":\"Startseite\",\"item\":\"https:\/\/www.susannacham.com\/de\"},{\"@type\":\"ListItem\",\"position\":2,\"name\":\"Datenschutzerkl\u00e4rung\"}]},{\"@type\":\"WebSite\",\"@id\":\"https:\/\/www.susannacham.com\/de\/#website\",\"url\":\"https:\/\/www.susannacham.com\/de\/\",\"name\":\"Susanna Cham 2021\",\"description\":\"Consciousness Mentoring\",\"potentialAction\":[{\"@type\":\"SearchAction\",\"target\":{\"@type\":\"EntryPoint\",\"urlTemplate\":\"https:\/\/www.susannacham.com\/de\/?s={search_term_string}\"},\"query-input\":\"required name=search_term_string\"}],\"inLanguage\":\"de-DE\"}]}<\/script>\n<!-- \/ Yoast SEO plugin. -->","yoast_head_json":{"title":"Datenschutzerkl\u00e4rung - Susanna Cham 2021","robots":{"index":"index","follow":"follow","max-snippet":"max-snippet:-1","max-image-preview":"max-image-preview:large","max-video-preview":"max-video-preview:-1"},"canonical":"https:\/\/www.susannacham.com\/de\/datenschutzerklaerung","og_locale":"de_DE","og_type":"article","og_title":"Datenschutzerkl\u00e4rung - Susanna Cham 2021","og_description":"Erkl\u00e4rung zur Informationspflicht (Datenschutzerkl\u00e4rung) &nbsp; Der Schutz deiner pers\u00f6nlichen Daten ist mir ein besonderes Anliegen. Ich verarbeite deine Daten daher ausschlie\u00dflich auf Grundlage der gesetzlichen Bestimmungen (DSGVO, TKG 2003). Als verantwortliche Anbieterin kl\u00e4re ich dich im Folgenden \u00fcber die Art, den Umfang und den Zweck der Erhebung und Verwendung personenbezogener Daten auf. Falls du selbst [&hellip;]","og_url":"https:\/\/www.susannacham.com\/de\/datenschutzerklaerung","og_site_name":"Susanna Cham 2021","article_modified_time":"2021-12-07T17:43:58+00:00","twitter_card":"summary_large_image","twitter_misc":{"Gesch\u00e4tzte Lesezeit":"4 Minuten"},"schema":{"@context":"https:\/\/schema.org","@graph":[{"@type":"WebPage","@id":"https:\/\/www.susannacham.com\/de\/datenschutzerklaerung","url":"https:\/\/www.susannacham.com\/de\/datenschutzerklaerung","name":"Datenschutzerkl\u00e4rung - Susanna Cham 2021","isPartOf":{"@id":"https:\/\/www.susannacham.com\/de\/#website"},"datePublished":"2020-11-23T20:18:44+00:00","dateModified":"2021-12-07T17:43:58+00:00","breadcrumb":{"@id":"https:\/\/www.susannacham.com\/de\/datenschutzerklaerung#breadcrumb"},"inLanguage":"de-DE","potentialAction":[{"@type":"ReadAction","target":["https:\/\/www.susannacham.com\/de\/datenschutzerklaerung"]}]},{"@type":"BreadcrumbList","@id":"https:\/\/www.susannacham.com\/de\/datenschutzerklaerung#breadcrumb","itemListElement":[{"@type":"ListItem","position":1,"name":"Startseite","item":"https:\/\/www.susannacham.com\/de"},{"@type":"ListItem","position":2,"name":"Datenschutzerkl\u00e4rung"}]},{"@type":"WebSite","@id":"https:\/\/www.susannacham.com\/de\/#website","url":"https:\/\/www.susannacham.com\/de\/","name":"Susanna Cham 2021","description":"Consciousness Mentoring","potentialAction":[{"@type":"SearchAction","target":{"@type":"EntryPoint","urlTemplate":"https:\/\/www.susannacham.com\/de\/?s={search_term_string}"},"query-input":"required name=search_term_string"}],"inLanguage":"de-DE"}]}},"_links":{"self":[{"href":"https:\/\/www.susannacham.com\/de\/wp-json\/wp\/v2\/pages\/3"}],"collection":[{"href":"https:\/\/www.susannacham.com\/de\/wp-json\/wp\/v2\/pages"}],"about":[{"href":"https:\/\/www.susannacham.com\/de\/wp-json\/wp\/v2\/types\/page"}],"author":[{"embeddable":true,"href":"https:\/\/www.susannacham.com\/de\/wp-json\/wp\/v2\/users\/1"}],"replies":[{"embeddable":true,"href":"https:\/\/www.susannacham.com\/de\/wp-json\/wp\/v2\/comments?post=3"}],"version-history":[{"count":4,"href":"https:\/\/www.susannacham.com\/de\/wp-json\/wp\/v2\/pages\/3\/revisions"}],"predecessor-version":[{"id":3251,"href":"https:\/\/www.susannacham.com\/de\/wp-json\/wp\/v2\/pages\/3\/revisions\/3251"}],"wp:attachment":[{"href":"https:\/\/www.susannacham.com\/de\/wp-json\/wp\/v2\/media?parent=3"}],"curies":[{"name":"wp","href":"https:\/\/api.w.org\/{rel}","templated":true}]}}